{"id":4705,"date":"2022-05-19T17:01:49","date_gmt":"2022-05-19T15:01:49","guid":{"rendered":"https:\/\/nrwtalente.oezel-pb.de\/impressum\/"},"modified":"2025-01-24T15:25:51","modified_gmt":"2025-01-24T14:25:51","slug":"impressum","status":"publish","type":"page","link":"https:\/\/nrwtalente.oezel-pb.de\/ls\/impressum\/","title":{"rendered":"Impressum"},"content":{"rendered":"\t\t<div data-elementor-type=\"wp-page\" data-elementor-id=\"4705\" class=\"elementor elementor-4705\" data-elementor-post-type=\"page\">\n\t\t\t\t\t\t<section class=\"elementor-section elementor-top-section elementor-element elementor-element-6c61ae0 elementor-section-full_width elementor-section-height-default elementor-section-height-default\" data-id=\"6c61ae0\" data-element_type=\"section\" data-settings=\"{&quot;background_background&quot;:&quot;classic&quot;}\">\n\t\t\t\t\t\t<div class=\"elementor-container elementor-column-gap-default\">\n\t\t\t\t\t<div class=\"elementor-column elementor-col-100 elementor-top-column elementor-element elementor-element-7da9349\" data-id=\"7da9349\" data-element_type=\"column\">\n\t\t\t<div class=\"elementor-widget-wrap elementor-element-populated\">\n\t\t\t\t\t\t<section class=\"elementor-section elementor-inner-section elementor-element elementor-element-f3ebf9d elementor-section-boxed elementor-section-height-default elementor-section-height-default\" data-id=\"f3ebf9d\" data-element_type=\"section\">\n\t\t\t\t\t\t<div class=\"elementor-container elementor-column-gap-default\">\n\t\t\t\t\t<div class=\"elementor-column elementor-col-50 elementor-inner-column elementor-element elementor-element-9445d80\" data-id=\"9445d80\" data-element_type=\"column\">\n\t\t\t<div class=\"elementor-widget-wrap elementor-element-populated\">\n\t\t\t\t\t\t<div class=\"elementor-element elementor-element-671545e elementor-widget elementor-widget-image\" data-id=\"671545e\" data-element_type=\"widget\" data-widget_type=\"image.default\">\n\t\t\t\t<div class=\"elementor-widget-container\">\n\t\t\t\t\t\t\t\t\t\t\t\t\t\t\t<img fetchpriority=\"high\" decoding=\"async\" width=\"800\" height=\"126\" src=\"https:\/\/nrwtalente.oezel-pb.de\/wp-content\/uploads\/2022\/05\/NRW_Talente_Headline_Impressum-1.png\" class=\"attachment-large size-large wp-image-521\" alt=\"\" \/>\t\t\t\t\t\t\t\t\t\t\t\t\t\t\t<\/div>\n\t\t\t\t<\/div>\n\t\t\t\t\t<\/div>\n\t\t<\/div>\n\t\t\t\t<div class=\"elementor-column elementor-col-50 elementor-inner-column elementor-element elementor-element-0027cac\" data-id=\"0027cac\" data-element_type=\"column\">\n\t\t\t<div class=\"elementor-widget-wrap\">\n\t\t\t\t\t\t\t<\/div>\n\t\t<\/div>\n\t\t\t\t\t<\/div>\n\t\t<\/section>\n\t\t\t\t\t<\/div>\n\t\t<\/div>\n\t\t\t\t\t<\/div>\n\t\t<\/section>\n\t\t\t\t<section class=\"elementor-section elementor-top-section elementor-element elementor-element-45f58a8 elementor-section-boxed elementor-section-height-default elementor-section-height-default\" data-id=\"45f58a8\" data-element_type=\"section\">\n\t\t\t\t\t\t<div class=\"elementor-container elementor-column-gap-default\">\n\t\t\t\t\t<div class=\"elementor-column elementor-col-50 elementor-top-column elementor-element elementor-element-3dc39db\" data-id=\"3dc39db\" data-element_type=\"column\">\n\t\t\t<div class=\"elementor-widget-wrap elementor-element-populated\">\n\t\t\t\t\t\t<div class=\"elementor-element elementor-element-9a2794b elementor-icon-list--layout-inline elementor-list-item-link-full_width elementor-widget elementor-widget-icon-list\" data-id=\"9a2794b\" data-element_type=\"widget\" data-widget_type=\"icon-list.default\">\n\t\t\t\t<div class=\"elementor-widget-container\">\n\t\t\t\t\t\t\t<ul class=\"elementor-icon-list-items elementor-inline-items\">\n\t\t\t\t\t\t\t<li class=\"elementor-icon-list-item elementor-inline-item\">\n\t\t\t\t\t\t\t\t\t\t\t<a href=\"https:\/\/nrwtalente.oezel-pb.de\/startseite\/\">\n\n\t\t\t\t\t\t\t\t\t\t\t<span class=\"elementor-icon-list-text\">Startseite <\/span>\n\t\t\t\t\t\t\t\t\t\t\t<\/a>\n\t\t\t\t\t\t\t\t\t<\/li>\n\t\t\t\t\t\t<\/ul>\n\t\t\t\t\t\t<\/div>\n\t\t\t\t<\/div>\n\t\t\t\t\t<\/div>\n\t\t<\/div>\n\t\t\t\t<div class=\"elementor-column elementor-col-50 elementor-top-column elementor-element elementor-element-1657450\" data-id=\"1657450\" data-element_type=\"column\">\n\t\t\t<div class=\"elementor-widget-wrap elementor-element-populated\">\n\t\t\t\t\t\t<div class=\"elementor-element elementor-element-8f4e7b4 elementor-icon-list--layout-inline elementor-list-item-link-full_width elementor-widget elementor-widget-icon-list\" data-id=\"8f4e7b4\" data-element_type=\"widget\" data-widget_type=\"icon-list.default\">\n\t\t\t\t<div class=\"elementor-widget-container\">\n\t\t\t\t\t\t\t<ul class=\"elementor-icon-list-items elementor-inline-items\">\n\t\t\t\t\t\t\t<li class=\"elementor-icon-list-item elementor-inline-item\">\n\t\t\t\t\t\t\t\t\t\t\t<span class=\"elementor-icon-list-icon\">\n\t\t\t\t\t\t\t<i aria-hidden=\"true\" class=\"fas fa-chevron-right\"><\/i>\t\t\t\t\t\t<\/span>\n\t\t\t\t\t\t\t\t\t\t<span class=\"elementor-icon-list-text\">Impressum<\/span>\n\t\t\t\t\t\t\t\t\t<\/li>\n\t\t\t\t\t\t<\/ul>\n\t\t\t\t\t\t<\/div>\n\t\t\t\t<\/div>\n\t\t\t\t\t<\/div>\n\t\t<\/div>\n\t\t\t\t\t<\/div>\n\t\t<\/section>\n\t\t\t\t<section class=\"elementor-section elementor-top-section elementor-element elementor-element-d733fd0 elementor-section-boxed elementor-section-height-default elementor-section-height-default\" data-id=\"d733fd0\" data-element_type=\"section\">\n\t\t\t\t\t\t<div class=\"elementor-container elementor-column-gap-no\">\n\t\t\t\t\t<div class=\"elementor-column elementor-col-100 elementor-top-column elementor-element elementor-element-b0f32f0\" data-id=\"b0f32f0\" data-element_type=\"column\">\n\t\t\t<div class=\"elementor-widget-wrap elementor-element-populated\">\n\t\t\t\t\t\t<section class=\"elementor-section elementor-inner-section elementor-element elementor-element-76c6066 elementor-section-boxed elementor-section-height-default elementor-section-height-default\" data-id=\"76c6066\" data-element_type=\"section\">\n\t\t\t\t\t\t<div class=\"elementor-container elementor-column-gap-default\">\n\t\t\t\t\t<div class=\"elementor-column elementor-col-100 elementor-inner-column elementor-element elementor-element-a365df7 elementor-invisible\" data-id=\"a365df7\" data-element_type=\"column\" data-settings=\"{&quot;animation&quot;:&quot;fadeInLeft&quot;}\">\n\t\t\t<div class=\"elementor-widget-wrap elementor-element-populated\">\n\t\t\t\t\t\t<div class=\"elementor-element elementor-element-517a86c elementor-widget elementor-widget-text-editor\" data-id=\"517a86c\" data-element_type=\"widget\" data-widget_type=\"text-editor.default\">\n\t\t\t\t<div class=\"elementor-widget-container\">\n\t\t\t\t\t\t\t\t\t<h6><strong>Adresse<\/strong><\/h6><p class=\"p2\">Universit\u00e4t Paderborn<span class=\"Apple-converted-space\">\u00a0<br \/><\/span>NRWTalente- Region OWL<span class=\"Apple-converted-space\"><br \/><\/span>Dr. Yvonne Koch<span class=\"Apple-converted-space\">\u00a0<br \/><\/span>Warburger Str. 100<span class=\"Apple-converted-space\">\u00a0<br \/><\/span>33098 Paderborn\u00a0<\/p><p>Die Universit\u00e4t Paderborn ist eine vom Land NRW getragene, rechtsf\u00e4hige K\u00f6rperschaft des \u00d6ffentlichen Rechts. Sie wird durch die Pr\u00e4sidentin Dr. Birgitt Riegraf vertreten.<\/p><h6><strong>Zust\u00e4ndige Aufsichtsbeh\u00f6rde<span class=\"Apple-converted-space\">\u00a0<\/span><\/strong><\/h6><p>Ministerium f\u00fcr Schule &amp; Bildung des Landes Nordrhein-Westfalen<br \/>V\u00f6lklinger Str. 49<br \/>40221 D\u00fcsseldorf<\/p><p class=\"p2\">Umsatzsteuer-Identifikationsnummer gem\u00e4\u00df \u00a7 27 a Umsatzsteuergesetz: DE 811209907<span class=\"Apple-converted-space\">\u00a0<\/span><\/p><p>W-IdNr.: DE 811209907 -00001<\/p><h6 class=\"p2\"><strong>Kontakt:<span class=\"Apple-converted-space\">\u00a0<\/span><\/strong><\/h6><p class=\"p2\">Telefon: +49 5251 60-2009<\/p><p class=\"p2\"><span class=\"Apple-converted-space\">E-Mail: nrwtalente-owl@uni-paderborn.de<\/span><\/p><h6 class=\"p2\"><strong>Redaktionell verantwortlich:<\/strong><\/h6><p class=\"p2\">Dr. Yvonne Koch<span class=\"Apple-converted-space\">\u00a0<br \/><\/span><span class=\"Apple-converted-space\">Jennifer Gl\u00e4\u00dfer<br \/><\/span><span class=\"Apple-converted-space\">Daniel Heidenreich\u00a0<br \/>Paula Waldmann<\/span><\/p><h6 class=\"p2\"><strong>Design &amp; Programmierung: <\/strong><\/h6><p class=\"p2\">\u00d6zel Agentur f\u00fcr Design &amp; Marketing GmbH<span class=\"Apple-converted-space\">\u00a0<br \/><\/span>Eggertstr. 30<span class=\"Apple-converted-space\">\u00a0<br \/><\/span>33100 Paderborn<span class=\"Apple-converted-space\">\u00a0<br \/><span style=\"color: #000000;\"><a style=\"color: #000000;\" href=\"http:\/\/www.oezel.de\" target=\"_blank\" rel=\"noopener\"><strong>www.oezel.de<\/strong><\/a><\/span><\/span><\/p><h6 class=\"p2\"><strong>Urheberrechtshinweis:<\/strong><\/h6><p class=\"p2\">Die Urheber- und Nutzungsrechte (Copyright) f\u00fcr Texte, Grafiken, Bilder, Design und Quellcode liegen soweit nicht anders angegeben bei der Universit\u00e4t Paderborn. Die Erstellung, Verwendung und Weitergabe von Kopien in elektronischer oder ausgedruckter Form bedarf der Genehmigung.<\/p><h6 class=\"p2\"><strong>Haftungshinweis:<\/strong><\/h6><p class=\"p2\">F\u00fcr auf den Seiten vorhandene externe Links und die dar\u00fcber verf\u00fcgbaren Inhalte \u00fcbernehmen wir keine Haftung. Sie stellen kein Angebot der Universit\u00e4t Paderborn dar. F\u00fcr den Inhalt der verlinkten Seiten sind ausschlie\u00dflich deren Betreiber verantwortlich.\u00a0<\/p>\t\t\t\t\t\t\t\t<\/div>\n\t\t\t\t<\/div>\n\t\t\t\t\t<\/div>\n\t\t<\/div>\n\t\t\t\t\t<\/div>\n\t\t<\/section>\n\t\t\t\t\t<\/div>\n\t\t<\/div>\n\t\t\t\t\t<\/div>\n\t\t<\/section>\n\t\t\t\t<\/div>\n\t\t","protected":false},"excerpt":{"rendered":"<p>Startseite Impressum Adresse Universit\u00e4t Paderborn NRWTalente- Region OWLDr. Yvonne Koch Warburger Str. 100 33098 Paderborn Die Universit\u00e4t Paderborn ist eine vom Land NRW getragene, rechtsf\u00e4hige K\u00f6rperschaft des \u00d6ffentlichen Rechts. Sie wird durch die Pr\u00e4sidentin Dr. Birgitt Riegraf vertreten. Zust\u00e4ndige Aufsichtsbeh\u00f6rde Ministerium f\u00fcr Schule &amp; Bildung des Landes Nordrhein-WestfalenV\u00f6lklinger Str. 4940221 D\u00fcsseldorf Umsatzsteuer-Identifikationsnummer gem\u00e4\u00df \u00a7 27 [&hellip;]<\/p>\n","protected":false},"author":7,"featured_media":0,"parent":0,"menu_order":0,"comment_status":"closed","ping_status":"closed","template":"elementor_header_footer","meta":{"inline_featured_image":false,"footnotes":""},"class_list":["post-4705","page","type-page","status-publish","hentry"],"yoast_head":"<!-- This site is optimized with the Yoast SEO plugin v27.4 - https:\/\/yoast.com\/product\/yoast-seo-wordpress\/ -->\n<title>Impressum - NRWTalente \u2013 Region OWL<\/title>\n<meta name=\"robots\" content=\"index, follow, max-snippet:-1, max-image-preview:large, max-video-preview:-1\" \/>\n<link rel=\"canonical\" href=\"https:\/\/nrwtalente.oezel-pb.de\/ls\/impressum\/\" \/>\n<meta property=\"og:locale\" content=\"de_DE\" \/>\n<meta property=\"og:type\" content=\"article\" \/>\n<meta property=\"og:title\" content=\"Impressum - NRWTalente \u2013 Region OWL\" \/>\n<meta property=\"og:description\" content=\"Startseite Impressum Adresse Universit\u00e4t Paderborn NRWTalente- Region OWLDr. Yvonne Koch Warburger Str. 100 33098 Paderborn Die Universit\u00e4t Paderborn ist eine vom Land NRW getragene, rechtsf\u00e4hige K\u00f6rperschaft des \u00d6ffentlichen Rechts. Sie wird durch die Pr\u00e4sidentin Dr. Birgitt Riegraf vertreten. Zust\u00e4ndige Aufsichtsbeh\u00f6rde Ministerium f\u00fcr Schule &amp; Bildung des Landes Nordrhein-WestfalenV\u00f6lklinger Str. 4940221 D\u00fcsseldorf Umsatzsteuer-Identifikationsnummer gem\u00e4\u00df \u00a7 27 [&hellip;]\" \/>\n<meta property=\"og:url\" content=\"https:\/\/nrwtalente.oezel-pb.de\/ls\/impressum\/\" \/>\n<meta property=\"og:site_name\" content=\"NRWTalente \u2013 Region OWL\" \/>\n<meta property=\"article:modified_time\" content=\"2025-01-24T14:25:51+00:00\" \/>\n<meta property=\"og:image\" content=\"https:\/\/nrwtalente.oezel-pb.de\/wp-content\/uploads\/2022\/05\/NRW_Talente_Headline_Impressum-1.png\" \/>\n\t<meta property=\"og:image:width\" content=\"851\" \/>\n\t<meta property=\"og:image:height\" content=\"134\" \/>\n\t<meta property=\"og:image:type\" content=\"image\/png\" \/>\n<meta name=\"twitter:card\" content=\"summary_large_image\" \/>\n<meta name=\"twitter:label1\" content=\"Est. reading time\" \/>\n\t<meta name=\"twitter:data1\" content=\"1 minute\" \/>\n<script type=\"application\/ld+json\" class=\"yoast-schema-graph\">{\"@context\":\"https:\\\/\\\/schema.org\",\"@graph\":[{\"@type\":\"WebPage\",\"@id\":\"https:\\\/\\\/nrwtalente.oezel-pb.de\\\/ls\\\/impressum\\\/\",\"url\":\"https:\\\/\\\/nrwtalente.oezel-pb.de\\\/ls\\\/impressum\\\/\",\"name\":\"Impressum - NRWTalente \u2013 Region OWL\",\"isPartOf\":{\"@id\":\"https:\\\/\\\/nrwtalente.oezel-pb.de\\\/#website\"},\"primaryImageOfPage\":{\"@id\":\"https:\\\/\\\/nrwtalente.oezel-pb.de\\\/ls\\\/impressum\\\/#primaryimage\"},\"image\":{\"@id\":\"https:\\\/\\\/nrwtalente.oezel-pb.de\\\/ls\\\/impressum\\\/#primaryimage\"},\"thumbnailUrl\":\"https:\\\/\\\/nrwtalente.oezel-pb.de\\\/wp-content\\\/uploads\\\/2022\\\/05\\\/NRW_Talente_Headline_Impressum-1.png\",\"datePublished\":\"2022-05-19T15:01:49+00:00\",\"dateModified\":\"2025-01-24T14:25:51+00:00\",\"breadcrumb\":{\"@id\":\"https:\\\/\\\/nrwtalente.oezel-pb.de\\\/ls\\\/impressum\\\/#breadcrumb\"},\"inLanguage\":\"de-LS\",\"potentialAction\":[{\"@type\":\"ReadAction\",\"target\":[\"https:\\\/\\\/nrwtalente.oezel-pb.de\\\/ls\\\/impressum\\\/\"]}]},{\"@type\":\"ImageObject\",\"inLanguage\":\"de-LS\",\"@id\":\"https:\\\/\\\/nrwtalente.oezel-pb.de\\\/ls\\\/impressum\\\/#primaryimage\",\"url\":\"https:\\\/\\\/nrwtalente.oezel-pb.de\\\/wp-content\\\/uploads\\\/2022\\\/05\\\/NRW_Talente_Headline_Impressum-1.png\",\"contentUrl\":\"https:\\\/\\\/nrwtalente.oezel-pb.de\\\/wp-content\\\/uploads\\\/2022\\\/05\\\/NRW_Talente_Headline_Impressum-1.png\"},{\"@type\":\"BreadcrumbList\",\"@id\":\"https:\\\/\\\/nrwtalente.oezel-pb.de\\\/ls\\\/impressum\\\/#breadcrumb\",\"itemListElement\":[{\"@type\":\"ListItem\",\"position\":1,\"name\":\"Startseite\",\"item\":\"https:\\\/\\\/nrwtalente.oezel-pb.de\\\/ls\\\/\"},{\"@type\":\"ListItem\",\"position\":2,\"name\":\"Impressum\"}]},{\"@type\":\"WebSite\",\"@id\":\"https:\\\/\\\/nrwtalente.oezel-pb.de\\\/#website\",\"url\":\"https:\\\/\\\/nrwtalente.oezel-pb.de\\\/\",\"name\":\"NRWTalente \u2013 Region OWL\",\"description\":\"Dein Sch\u00fclerstipendium in OWL\",\"publisher\":{\"@id\":\"https:\\\/\\\/nrwtalente.oezel-pb.de\\\/#organization\"},\"potentialAction\":[{\"@type\":\"SearchAction\",\"target\":{\"@type\":\"EntryPoint\",\"urlTemplate\":\"https:\\\/\\\/nrwtalente.oezel-pb.de\\\/?s={search_term_string}\"},\"query-input\":{\"@type\":\"PropertyValueSpecification\",\"valueRequired\":true,\"valueName\":\"search_term_string\"}}],\"inLanguage\":\"de-LS\"},{\"@type\":\"Organization\",\"@id\":\"https:\\\/\\\/nrwtalente.oezel-pb.de\\\/#organization\",\"name\":\"NRW Talente \u2013 Region OWL\",\"url\":\"https:\\\/\\\/nrwtalente.oezel-pb.de\\\/\",\"logo\":{\"@type\":\"ImageObject\",\"inLanguage\":\"de-LS\",\"@id\":\"https:\\\/\\\/nrwtalente.oezel-pb.de\\\/#\\\/schema\\\/logo\\\/image\\\/\",\"url\":\"https:\\\/\\\/nrwtalente.oezel-pb.de\\\/wp-content\\\/uploads\\\/2022\\\/05\\\/NRW-Talente_RegionOWL_LOGO_color.png\",\"contentUrl\":\"https:\\\/\\\/nrwtalente.oezel-pb.de\\\/wp-content\\\/uploads\\\/2022\\\/05\\\/NRW-Talente_RegionOWL_LOGO_color.png\",\"width\":1305,\"height\":584,\"caption\":\"NRW Talente \u2013 Region OWL\"},\"image\":{\"@id\":\"https:\\\/\\\/nrwtalente.oezel-pb.de\\\/#\\\/schema\\\/logo\\\/image\\\/\"}}]}<\/script>\n<!-- \/ Yoast SEO plugin. -->","yoast_head_json":{"title":"Impressum - NRWTalente \u2013 Region OWL","robots":{"index":"index","follow":"follow","max-snippet":"max-snippet:-1","max-image-preview":"max-image-preview:large","max-video-preview":"max-video-preview:-1"},"canonical":"https:\/\/nrwtalente.oezel-pb.de\/ls\/impressum\/","og_locale":"de_DE","og_type":"article","og_title":"Impressum - NRWTalente \u2013 Region OWL","og_description":"Startseite Impressum Adresse Universit\u00e4t Paderborn NRWTalente- Region OWLDr. Yvonne Koch Warburger Str. 100 33098 Paderborn Die Universit\u00e4t Paderborn ist eine vom Land NRW getragene, rechtsf\u00e4hige K\u00f6rperschaft des \u00d6ffentlichen Rechts. Sie wird durch die Pr\u00e4sidentin Dr. Birgitt Riegraf vertreten. Zust\u00e4ndige Aufsichtsbeh\u00f6rde Ministerium f\u00fcr Schule &amp; Bildung des Landes Nordrhein-WestfalenV\u00f6lklinger Str. 4940221 D\u00fcsseldorf Umsatzsteuer-Identifikationsnummer gem\u00e4\u00df \u00a7 27 [&hellip;]","og_url":"https:\/\/nrwtalente.oezel-pb.de\/ls\/impressum\/","og_site_name":"NRWTalente \u2013 Region OWL","article_modified_time":"2025-01-24T14:25:51+00:00","og_image":[{"width":851,"height":134,"url":"https:\/\/nrwtalente.oezel-pb.de\/wp-content\/uploads\/2022\/05\/NRW_Talente_Headline_Impressum-1.png","type":"image\/png"}],"twitter_card":"summary_large_image","twitter_misc":{"Est. reading time":"1 minute"},"schema":{"@context":"https:\/\/schema.org","@graph":[{"@type":"WebPage","@id":"https:\/\/nrwtalente.oezel-pb.de\/ls\/impressum\/","url":"https:\/\/nrwtalente.oezel-pb.de\/ls\/impressum\/","name":"Impressum - NRWTalente \u2013 Region OWL","isPartOf":{"@id":"https:\/\/nrwtalente.oezel-pb.de\/#website"},"primaryImageOfPage":{"@id":"https:\/\/nrwtalente.oezel-pb.de\/ls\/impressum\/#primaryimage"},"image":{"@id":"https:\/\/nrwtalente.oezel-pb.de\/ls\/impressum\/#primaryimage"},"thumbnailUrl":"https:\/\/nrwtalente.oezel-pb.de\/wp-content\/uploads\/2022\/05\/NRW_Talente_Headline_Impressum-1.png","datePublished":"2022-05-19T15:01:49+00:00","dateModified":"2025-01-24T14:25:51+00:00","breadcrumb":{"@id":"https:\/\/nrwtalente.oezel-pb.de\/ls\/impressum\/#breadcrumb"},"inLanguage":"de-LS","potentialAction":[{"@type":"ReadAction","target":["https:\/\/nrwtalente.oezel-pb.de\/ls\/impressum\/"]}]},{"@type":"ImageObject","inLanguage":"de-LS","@id":"https:\/\/nrwtalente.oezel-pb.de\/ls\/impressum\/#primaryimage","url":"https:\/\/nrwtalente.oezel-pb.de\/wp-content\/uploads\/2022\/05\/NRW_Talente_Headline_Impressum-1.png","contentUrl":"https:\/\/nrwtalente.oezel-pb.de\/wp-content\/uploads\/2022\/05\/NRW_Talente_Headline_Impressum-1.png"},{"@type":"BreadcrumbList","@id":"https:\/\/nrwtalente.oezel-pb.de\/ls\/impressum\/#breadcrumb","itemListElement":[{"@type":"ListItem","position":1,"name":"Startseite","item":"https:\/\/nrwtalente.oezel-pb.de\/ls\/"},{"@type":"ListItem","position":2,"name":"Impressum"}]},{"@type":"WebSite","@id":"https:\/\/nrwtalente.oezel-pb.de\/#website","url":"https:\/\/nrwtalente.oezel-pb.de\/","name":"NRWTalente \u2013 Region OWL","description":"Dein Sch\u00fclerstipendium in OWL","publisher":{"@id":"https:\/\/nrwtalente.oezel-pb.de\/#organization"},"potentialAction":[{"@type":"SearchAction","target":{"@type":"EntryPoint","urlTemplate":"https:\/\/nrwtalente.oezel-pb.de\/?s={search_term_string}"},"query-input":{"@type":"PropertyValueSpecification","valueRequired":true,"valueName":"search_term_string"}}],"inLanguage":"de-LS"},{"@type":"Organization","@id":"https:\/\/nrwtalente.oezel-pb.de\/#organization","name":"NRW Talente \u2013 Region OWL","url":"https:\/\/nrwtalente.oezel-pb.de\/","logo":{"@type":"ImageObject","inLanguage":"de-LS","@id":"https:\/\/nrwtalente.oezel-pb.de\/#\/schema\/logo\/image\/","url":"https:\/\/nrwtalente.oezel-pb.de\/wp-content\/uploads\/2022\/05\/NRW-Talente_RegionOWL_LOGO_color.png","contentUrl":"https:\/\/nrwtalente.oezel-pb.de\/wp-content\/uploads\/2022\/05\/NRW-Talente_RegionOWL_LOGO_color.png","width":1305,"height":584,"caption":"NRW Talente \u2013 Region OWL"},"image":{"@id":"https:\/\/nrwtalente.oezel-pb.de\/#\/schema\/logo\/image\/"}}]}},"_links":{"self":[{"href":"https:\/\/nrwtalente.oezel-pb.de\/ls\/wp-json\/wp\/v2\/pages\/4705","targetHints":{"allow":["GET"]}}],"collection":[{"href":"https:\/\/nrwtalente.oezel-pb.de\/ls\/wp-json\/wp\/v2\/pages"}],"about":[{"href":"https:\/\/nrwtalente.oezel-pb.de\/ls\/wp-json\/wp\/v2\/types\/page"}],"author":[{"embeddable":true,"href":"https:\/\/nrwtalente.oezel-pb.de\/ls\/wp-json\/wp\/v2\/users\/7"}],"replies":[{"embeddable":true,"href":"https:\/\/nrwtalente.oezel-pb.de\/ls\/wp-json\/wp\/v2\/comments?post=4705"}],"version-history":[{"count":1,"href":"https:\/\/nrwtalente.oezel-pb.de\/ls\/wp-json\/wp\/v2\/pages\/4705\/revisions"}],"predecessor-version":[{"id":4706,"href":"https:\/\/nrwtalente.oezel-pb.de\/ls\/wp-json\/wp\/v2\/pages\/4705\/revisions\/4706"}],"wp:attachment":[{"href":"https:\/\/nrwtalente.oezel-pb.de\/ls\/wp-json\/wp\/v2\/media?parent=4705"}],"curies":[{"name":"wp","href":"https:\/\/api.w.org\/{rel}","templated":true}]}}